{"id":347,"date":"2025-11-05T18:24:44","date_gmt":"2025-11-05T18:24:44","guid":{"rendered":"https:\/\/restaurangporten.se\/cookie-policy\/"},"modified":"2025-11-05T18:26:05","modified_gmt":"2025-11-05T18:26:05","slug":"cookie-policy","status":"publish","type":"page","link":"https:\/\/restaurangporten.se\/en\/cookie-policy\/","title":{"rendered":"Cookie Policy"},"content":{"rendered":"<span>Denna sida ger omfattande information om hur vi anv\u00e4nder cookies p\u00e5 v\u00e5r webbplats f\u00f6r att f\u00f6rb\u00e4ttra din webbl\u00e4sarupplevelse, \u00f6ka webbplatsens prestanda och leverera personligt anpassat inneh\u00e5ll. Cookies \u00e4r sm\u00e5 textfiler som lagras p\u00e5 din enhet n\u00e4r du bes\u00f6ker v\u00e5r sida. De hj\u00e4lper oss att f\u00f6rst\u00e5 hur bes\u00f6kare interagerar med v\u00e5r webbplats, vilket g\u00f6r att vi kan erbjuda en smidigare och mer effektiv anv\u00e4ndarupplevelse. I tabellen nedan hittar du detaljerad information om varje typ av cookie vi anv\u00e4nder, deras syfte och hur l\u00e4nge de finns kvar p\u00e5 din enhet. Vi \u00e4r engagerade i att respektera din integritet och ge transparens kring de data vi samlar in via cookies. F\u00f6r mer information om hur vi hanterar dina personuppgifter, se v\u00e5r integritetspolicy.\u00a0<\/span><a href=\"https:\/\/restaurangporten.se\/en\/integritetspolicy\/\">Privacy Policy.<\/a>\r\n\r\n<div class=\"wpconsent-cookie-policy\"><h2 class=\"wpconsent-cookie-category-name\">Essential<\/h2><p class=\"wpconsent-cookie-category-description\">Essential cookies enable basic functions and are necessary for the proper function of the website.<\/p><table class=\"wpconsent-cookie-policy-table\"><tr><th>Name<\/th><th>Description<\/th><th>Duration<\/th><\/tr><tr><td>wpconsent_preferences<\/td><td>This cookie is used to store the user&#039;s cookie consent preferences.<\/td><td>30 days<\/td><\/tr><\/table><h3 class=\"wpconsent-cookie-service-name\">Comments<\/h3><p class=\"wpconsent-cookie-service-description\">These cookies are needed for adding comments on this website.<\/p><table class=\"wpconsent-cookie-policy-table\"><tr><th>Name<\/th><th>Description<\/th><th>Duration<\/th><\/tr><tr><td>comment_author<\/td><td>Used to track the user across multiple sessions.<\/td><td>Session<\/td><\/tr><tr><td>comment_author_email<\/td><td>Used to track the user across multiple sessions.<\/td><td>Session<\/td><\/tr><tr><td>comment_author_url<\/td><td>Used to track the user across multiple sessions.<\/td><td>Session<\/td><\/tr><\/table><h2 class=\"wpconsent-cookie-category-name\">Statistics<\/h2><p class=\"wpconsent-cookie-category-description\">Statistics cookies collect information anonymously. This information helps us understand how visitors use our website.<\/p><h3 class=\"wpconsent-cookie-service-name\">Google Analytics<\/h3><p class=\"wpconsent-cookie-service-description\">Google Analytics is a powerful tool that tracks and analyzes website traffic for informed marketing decisions.<\/p><a href=\"https:\/\/policies.google.com\/privacy\">Learn more<\/a><table class=\"wpconsent-cookie-policy-table\"><tr><th>Name<\/th><th>Description<\/th><th>Duration<\/th><\/tr><tr><td>_ga_<\/td><td>ID used to identify users<\/td><td>2 years<\/td><\/tr><tr><td>_gid<\/td><td>ID used to identify users for 24 hours after last activity<\/td><td>24 hours<\/td><\/tr><tr><td>_gat<\/td><td>Used to monitor number of Google Analytics server requests when using Google Tag Manager<\/td><td>1 minute<\/td><\/tr><tr><td>_ga<\/td><td>ID used to identify users<\/td><td>2 years<\/td><\/tr><tr><td>_gali<\/td><td>Used by Google Analytics to determine which links on a page are being clicked<\/td><td>30 seconds<\/td><\/tr><tr><td>__utmv<\/td><td>Contains custom information set by the web developer via the _setCustomVar method in Google Analytics. This cookie is updated every time new data is sent to the Google Analytics server.<\/td><td>2 years after last activity<\/td><\/tr><tr><td>__utmx<\/td><td>Used to determine whether a user is included in an A \/ B or Multivariate test.<\/td><td>18 months<\/td><\/tr><tr><td>__utmb<\/td><td>Used to distinguish new sessions and visits. This cookie is set when the GA.js javascript library is loaded and there is no existing __utmb cookie. The cookie is updated every time data is sent to the Google Analytics server.<\/td><td>30 minutes after last activity<\/td><\/tr><tr><td>__utmc<\/td><td>Used only with old Urchin versions of Google Analytics and not with GA.js. Was used to distinguish between new sessions and visits at the end of a session.<\/td><td>End of session (browser)<\/td><\/tr><tr><td>__utmz<\/td><td>Contains information about the traffic source or campaign that directed user to the website. The cookie is set when the GA.js javascript is loaded and updated when data is sent to the Google Anaytics server<\/td><td>6 months after last activity<\/td><\/tr><tr><td>__utma<\/td><td>ID used to identify users and sessions<\/td><td>2 years after last activity<\/td><\/tr><tr><td>__utmt<\/td><td>Used to monitor number of Google Analytics server requests<\/td><td>10 minutes<\/td><\/tr><tr><td>_gac_<\/td><td>Contains information related to marketing campaigns of the user. These are shared with Google AdWords \/ Google Ads when the Google Ads and Google Analytics accounts are linked together.<\/td><td>90 days<\/td><\/tr><\/table><\/div>","protected":false},"excerpt":{"rendered":"<p>Denna sida ger omfattande information om hur vi anv\u00e4nder cookies p\u00e5 v\u00e5r webbplats f\u00f6r att f\u00f6rb\u00e4ttra din webbl\u00e4sarupplevelse, \u00f6ka webbplatsens prestanda och leverera personligt anpassat inneh\u00e5ll. Cookies \u00e4r sm\u00e5 textfiler som lagras p\u00e5 din enhet n\u00e4r du bes\u00f6ker v\u00e5r sida. De hj\u00e4lper oss att f\u00f6rst\u00e5 hur bes\u00f6kare interagerar med v\u00e5r webbplats, vilket g\u00f6r att vi [&hellip;]<\/p>\n","protected":false},"author":1,"featured_media":0,"parent":0,"menu_order":0,"comment_status":"closed","ping_status":"closed","template":"","meta":{"_et_pb_use_builder":"off","_et_pb_old_content":"","_et_gb_content_width":"","footnotes":""},"class_list":["post-347","page","type-page","status-publish","hentry"],"_links":{"self":[{"href":"https:\/\/restaurangporten.se\/en\/wp-json\/wp\/v2\/pages\/347","targetHints":{"allow":["GET"]}}],"collection":[{"href":"https:\/\/restaurangporten.se\/en\/wp-json\/wp\/v2\/pages"}],"about":[{"href":"https:\/\/restaurangporten.se\/en\/wp-json\/wp\/v2\/types\/page"}],"author":[{"embeddable":true,"href":"https:\/\/restaurangporten.se\/en\/wp-json\/wp\/v2\/users\/1"}],"replies":[{"embeddable":true,"href":"https:\/\/restaurangporten.se\/en\/wp-json\/wp\/v2\/comments?post=347"}],"version-history":[{"count":0,"href":"https:\/\/restaurangporten.se\/en\/wp-json\/wp\/v2\/pages\/347\/revisions"}],"wp:attachment":[{"href":"https:\/\/restaurangporten.se\/en\/wp-json\/wp\/v2\/media?parent=347"}],"curies":[{"name":"wp","href":"https:\/\/api.w.org\/{rel}","templated":true}]}}